{"id":145,"date":"2026-02-16T21:23:42","date_gmt":"2026-02-16T21:23:42","guid":{"rendered":"https:\/\/konzeptwerke-ohme.de\/?page_id=145"},"modified":"2026-02-16T23:11:01","modified_gmt":"2026-02-16T23:11:01","slug":"widerrufsbelehrung","status":"publish","type":"page","link":"https:\/\/konzeptwerke-ohme.de\/index.php\/widerrufsbelehrung\/","title":{"rendered":"Widerrufsbelehrung"},"content":{"rendered":"\n<h2 class=\"wp-block-heading has-normal-font-size\"><mark style=\"background-color:rgba(0, 0, 0, 0);color:#f94e41\" class=\"has-inline-color\"><strong>Widerrufsrecht<\/strong><\/mark><br>Verbraucher haben das Recht, binnen 14 Tagen ohne Angabe von Gr\u00fcnden den Vertrag zu widerrufen.<\/h2>\n\n\n\n<p><\/p>\n\n\n\n<p><\/p>\n\n\n\n<h2 class=\"wp-block-heading has-normal-font-size\"><strong><mark style=\"background-color:rgba(0, 0, 0, 0);color:#f94e41\" class=\"has-inline-color\">Ausschluss des Widerrufs<\/mark><br><\/strong>Kein Widerrufsrecht besteht bei:<\/h2>\n\n\n\n<ul class=\"wp-block-list\">\n<li>individuell angefertigten Produkten (z.\u202fB. 3D-Drucke nach Kundenvorgaben)<\/li>\n\n\n\n<li>digitalen Inhalten, die bereits bereitgestellt wurden<\/li>\n\n\n\n<li>vollst\u00e4ndig erbrachten Dienstleistungen<\/li>\n<\/ul>\n\n\n\n<p><\/p>\n\n\n\n<p><\/p>\n\n\n\n<h2 class=\"wp-block-heading has-normal-font-size\"><mark style=\"background-color:rgba(0, 0, 0, 0);color:#f94e41\" class=\"has-inline-color\"><strong>Widerrufsfrist<\/strong><\/mark><br>Die Frist betr\u00e4gt 14 Tage ab Vertragsschluss.<\/h2>\n\n\n\n<p><\/p>\n\n\n\n<p><\/p>\n\n\n\n<h2 class=\"wp-block-heading has-normal-font-size\"><strong><mark style=\"background-color:rgba(0, 0, 0, 0);color:#f94e41\" class=\"has-inline-color\">Widerrufserkl\u00e4rung<\/mark><br><\/strong>Der Widerruf ist zu richten an:<\/h2>\n\n\n\n<p>KONZEPTWERKE \u2013 Ohme <br>Breit\u00e4ckerstra\u00dfe 5 <br>96049 Bamberg <br>E-Mail: info[at]konzeptwerke-ohme.de<\/p>\n\n\n\n<p><\/p>\n\n\n\n<p><\/p>\n","protected":false},"excerpt":{"rendered":"<p>WiderrufsrechtVerbraucher haben das Recht, binnen 14 Tagen ohne Angabe von Gr\u00fcnden den Vertrag zu widerrufen. Ausschluss des WiderrufsKein Widerrufsrecht besteht bei: WiderrufsfristDie Frist betr\u00e4gt 14 Tage ab Vertragsschluss. Widerrufserkl\u00e4rungDer Widerruf ist zu richten an: KONZEPTWERKE \u2013 Ohme Breit\u00e4ckerstra\u00dfe 5 96049 Bamberg E-Mail: info[at]konzeptwerke-ohme.de<\/p>\n","protected":false},"author":2,"featured_media":0,"parent":0,"menu_order":0,"comment_status":"closed","ping_status":"closed","template":"","meta":{"footnotes":""},"class_list":["post-145","page","type-page","status-publish","hentry"],"_links":{"self":[{"href":"https:\/\/konzeptwerke-ohme.de\/index.php\/wp-json\/wp\/v2\/pages\/145","targetHints":{"allow":["GET"]}}],"collection":[{"href":"https:\/\/konzeptwerke-ohme.de\/index.php\/wp-json\/wp\/v2\/pages"}],"about":[{"href":"https:\/\/konzeptwerke-ohme.de\/index.php\/wp-json\/wp\/v2\/types\/page"}],"author":[{"embeddable":true,"href":"https:\/\/konzeptwerke-ohme.de\/index.php\/wp-json\/wp\/v2\/users\/2"}],"replies":[{"embeddable":true,"href":"https:\/\/konzeptwerke-ohme.de\/index.php\/wp-json\/wp\/v2\/comments?post=145"}],"version-history":[{"count":3,"href":"https:\/\/konzeptwerke-ohme.de\/index.php\/wp-json\/wp\/v2\/pages\/145\/revisions"}],"predecessor-version":[{"id":166,"href":"https:\/\/konzeptwerke-ohme.de\/index.php\/wp-json\/wp\/v2\/pages\/145\/revisions\/166"}],"wp:attachment":[{"href":"https:\/\/konzeptwerke-ohme.de\/index.php\/wp-json\/wp\/v2\/media?parent=145"}],"curies":[{"name":"wp","href":"https:\/\/api.w.org\/{rel}","templated":true}]}}