{"id":123,"date":"2026-02-16T20:46:30","date_gmt":"2026-02-16T20:46:30","guid":{"rendered":"https:\/\/konzeptwerke-ohme.de\/?page_id=123"},"modified":"2026-02-16T21:33:33","modified_gmt":"2026-02-16T21:33:33","slug":"impressum","status":"publish","type":"page","link":"https:\/\/konzeptwerke-ohme.de\/index.php\/impressum\/","title":{"rendered":"Impressum"},"content":{"rendered":"\n<p><strong>KONZEPTWERKE \u2013 Ohme<\/strong> <\/p>\n\n\n\n<p><mark style=\"background-color:rgba(0, 0, 0, 0);color:#f94e41\" class=\"has-inline-color\"><strong>Inhaber: <\/strong><\/mark><br><strong>Markus Ohme<\/strong> <br>Breit\u00e4ckerstra\u00dfe 5 <br>96049 Bamberg <br>Deutschland<\/p>\n\n\n\n<p><\/p>\n\n\n\n<p><\/p>\n\n\n\n<p><mark style=\"background-color:rgba(0, 0, 0, 0);color:#f94e41\" class=\"has-inline-color\"><strong>Kontakt<\/strong> <\/mark><br>Telefon: +49 177 240 74 50 <br>E-Mail: info[at]konzeptwerke-ohme.de <br>Web: www.konzeptwerke-ohme.de<\/p>\n\n\n\n<p><\/p>\n\n\n\n<p><\/p>\n\n\n\n<p><mark style=\"background-color:rgba(0, 0, 0, 0);color:#f94e41\" class=\"has-inline-color\"><strong>Umsatzsteuer-ID<\/strong> <\/mark><br>Keine Angabe (Kleinunternehmer gem\u00e4\u00df \u00a7 19 UStG)<\/p>\n\n\n\n<p><\/p>\n\n\n\n<p><\/p>\n\n\n\n<p><mark style=\"background-color:rgba(0, 0, 0, 0);color:#f94e41\" class=\"has-inline-color\"><strong>Berufsbezeichnung \/ T\u00e4tigkeitsbeschreibung<\/strong> <\/mark><br>Dienstleistungen in den Bereichen 3D-Druck, 3D-Scan, 3D-CAD, Routenplanung, Verkehrssicherung &amp; Absperrung.<\/p>\n\n\n\n<p><\/p>\n\n\n\n<p><\/p>\n\n\n\n<p><strong><mark style=\"background-color:rgba(0, 0, 0, 0);color:#f94e41\" class=\"has-inline-color\">Verantwortlich f\u00fcr den Inhalt nach \u00a7 18 Abs. 2 MStV<\/mark><\/strong> <br>Markus Ohme <br>Breit\u00e4ckerstra\u00dfe 5 <br>96049 Bamberg<\/p>\n\n\n\n<p><\/p>\n\n\n\n<p><\/p>\n\n\n\n<p><strong><em>Haftungsausschluss<\/em><\/strong><\/p>\n\n\n\n<h3 class=\"wp-block-heading has-normal-font-size\"><mark style=\"background-color:rgba(0, 0, 0, 0);color:#f94e41\" class=\"has-inline-color\"><strong>Haftung f\u00fcr Inhalte<br><\/strong><\/mark>Als Diensteanbieter sind wir gem\u00e4\u00df \u00a7 7 Abs. 1 TMG f\u00fcr eigene Inhalte auf diesen Seiten verantwortlich. Nach \u00a7\u00a7 8\u201310 TMG sind wir jedoch nicht verpflichtet, \u00fcbermittelte oder gespeicherte fremde Informationen zu \u00fcberwachen oder nach Umst\u00e4nden zu forschen, die auf eine rechtswidrige T\u00e4tigkeit hinweisen. Verpflichtungen zur Entfernung oder Sperrung der Nutzung von Informationen nach den allgemeinen Gesetzen bleiben unber\u00fchrt. Eine Haftung ist erst ab Kenntnis einer konkreten Rechtsverletzung m\u00f6glich. Bei Bekanntwerden entsprechender Rechtsverletzungen entfernen wir diese Inhalte umgehend.<\/h3>\n\n\n\n<p><\/p>\n\n\n\n<p><\/p>\n\n\n\n<h3 class=\"wp-block-heading has-normal-font-size\"><strong><mark style=\"background-color:rgba(0, 0, 0, 0);color:#f94e41\" class=\"has-inline-color\">Haftung f\u00fcr Links<\/mark><br><\/strong>Unser Angebot enth\u00e4lt Links zu externen Websites Dritter, auf deren Inhalte wir keinen Einfluss haben. F\u00fcr diese Inhalte \u00fcbernehmen wir keine Gew\u00e4hr. Verantwortlich ist stets der jeweilige Betreiber. Rechtswidrige Inhalte waren zum Zeitpunkt der Verlinkung nicht erkennbar. Bei Bekanntwerden von Rechtsverletzungen entfernen wir derartige Links umgehend.<\/h3>\n\n\n\n<p><\/p>\n\n\n\n<p><\/p>\n\n\n\n<h3 class=\"wp-block-heading has-normal-font-size\"><strong><mark style=\"background-color:rgba(0, 0, 0, 0);color:#f94e41\" class=\"has-inline-color\">Urheberrecht<\/mark><br><\/strong>Die auf dieser Website ver\u00f6ffentlichten Inhalte unterliegen dem deutschen Urheberrecht. Jede Verwertung au\u00dferhalb der Grenzen des Urheberrechts bedarf der schriftlichen Zustimmung des jeweiligen Urhebers. Inhalte Dritter werden als solche gekennzeichnet. Bei Bekanntwerden von Rechtsverletzungen entfernen wir diese Inhalte umgehend.<\/h3>\n\n\n\n<p><\/p>\n\n\n\n<p><\/p>\n\n\n\n<h2 class=\"wp-block-heading has-normal-font-size\"><mark style=\"background-color:rgba(0, 0, 0, 0);color:#f94e41\" class=\"has-inline-color\"><strong>Hinweis gem\u00e4\u00df \u00a7 36 VSBG<br><\/strong><\/mark>Wir sind nicht bereit und nicht verpflichtet, an Streitbeilegungsverfahren vor einer Verbraucherschlichtungsstelle teilzunehmen.<\/h2>\n\n\n\n<p><\/p>\n\n\n\n<p><\/p>\n\n\n\n<p><\/p>\n","protected":false},"excerpt":{"rendered":"<p>KONZEPTWERKE \u2013 Ohme Inhaber: Markus Ohme Breit\u00e4ckerstra\u00dfe 5 96049 Bamberg Deutschland Kontakt Telefon: +49 177 240 74 50 E-Mail: info[at]konzeptwerke-ohme.de Web: www.konzeptwerke-ohme.de Umsatzsteuer-ID Keine Angabe (Kleinunternehmer gem\u00e4\u00df \u00a7 19 UStG) Berufsbezeichnung \/ T\u00e4tigkeitsbeschreibung Dienstleistungen in den Bereichen 3D-Druck, 3D-Scan, 3D-CAD, Routenplanung, Verkehrssicherung &amp; Absperrung. Verantwortlich f\u00fcr den Inhalt nach \u00a7 18 Abs. 2 MStV Markus [&hellip;]<\/p>\n","protected":false},"author":2,"featured_media":0,"parent":0,"menu_order":0,"comment_status":"closed","ping_status":"closed","template":"","meta":{"footnotes":""},"class_list":["post-123","page","type-page","status-publish","hentry"],"_links":{"self":[{"href":"https:\/\/konzeptwerke-ohme.de\/index.php\/wp-json\/wp\/v2\/pages\/123","targetHints":{"allow":["GET"]}}],"collection":[{"href":"https:\/\/konzeptwerke-ohme.de\/index.php\/wp-json\/wp\/v2\/pages"}],"about":[{"href":"https:\/\/konzeptwerke-ohme.de\/index.php\/wp-json\/wp\/v2\/types\/page"}],"author":[{"embeddable":true,"href":"https:\/\/konzeptwerke-ohme.de\/index.php\/wp-json\/wp\/v2\/users\/2"}],"replies":[{"embeddable":true,"href":"https:\/\/konzeptwerke-ohme.de\/index.php\/wp-json\/wp\/v2\/comments?post=123"}],"version-history":[{"count":4,"href":"https:\/\/konzeptwerke-ohme.de\/index.php\/wp-json\/wp\/v2\/pages\/123\/revisions"}],"predecessor-version":[{"id":151,"href":"https:\/\/konzeptwerke-ohme.de\/index.php\/wp-json\/wp\/v2\/pages\/123\/revisions\/151"}],"wp:attachment":[{"href":"https:\/\/konzeptwerke-ohme.de\/index.php\/wp-json\/wp\/v2\/media?parent=123"}],"curies":[{"name":"wp","href":"https:\/\/api.w.org\/{rel}","templated":true}]}}